{"id":471,"date":"2020-08-10T08:37:47","date_gmt":"2020-08-10T08:37:47","guid":{"rendered":"http:\/\/grada.wp\/vara\/?page_id=471"},"modified":"2020-08-10T08:37:47","modified_gmt":"2020-08-10T08:37:47","slug":"blog-right-sidebar","status":"publish","type":"page","link":"https:\/\/ambientarquitecturainterior.com\/index.php\/blog-right-sidebar\/","title":{"rendered":"Blog Right Sidebar"},"content":{"rendered":"\t\t<div data-elementor-type=\"wp-page\" data-elementor-id=\"471\" class=\"elementor elementor-471\">\n\t\t\t\t\t\t\t\t\t<section class=\"elementor-section elementor-top-section elementor-element elementor-element-1bca5a1 elementor-section-boxed elementor-section-height-default elementor-section-height-default gs-locked-section-no\" data-id=\"1bca5a1\" data-element_type=\"section\">\n\t\t\t\t\t\t<div class=\"elementor-container elementor-column-gap-default\">\n\t\t\t\t\t<div class=\"elementor-column elementor-col-100 elementor-top-column elementor-element elementor-element-d42ec9e\" data-id=\"d42ec9e\" data-element_type=\"column\">\n\t\t\t<div class=\"elementor-widget-wrap elementor-element-populated\">\n\t\t\t\t\t\t\t\t<section class=\"elementor-section elementor-inner-section elementor-element elementor-element-4d3d050 elementor-section-boxed elementor-section-height-default elementor-section-height-default gs-locked-section-no\" data-id=\"4d3d050\" data-element_type=\"section\">\n\t\t\t\t\t\t<div class=\"elementor-container elementor-column-gap-wider\">\n\t\t\t\t\t<div class=\"elementor-column elementor-col-50 elementor-inner-column elementor-element elementor-element-4c3a25a\" data-id=\"4c3a25a\" data-element_type=\"column\">\n\t\t\t<div class=\"elementor-widget-wrap elementor-element-populated\">\n\t\t\t\t\t\t\t\t<div class=\"elementor-element elementor-element-d9287fb layout-waves-no elementor-widget elementor-widget-grada-blog-posts\" data-id=\"d9287fb\" data-element_type=\"widget\" data-widget_type=\"grada-blog-posts.default\">\n\t\t\t\t<div class=\"elementor-widget-container\">\n\t\t\t\t\t\t<div class=\"gs-entries-wrapper gs-entries-filter gs-entries-style-classic-grid gs-blog-wrapper\" data-entries-id=\"d9287fb\">\n\t\t\t\t                <div class=\"gs-blog-holder-inner gs-blog-style-classic-grid gs-overflow-hidden\">\n\t\t\t\t\t\n\t<div class=\"row isotope-container\" data-entries-source=\"0fe6ddd363596fe71b7d488119c94453\">\n\t\t\t\t\t\t\t\t<article class=\"iso-item col-lg-6 acabados post-1 post type-post status-publish format-standard has-post-thumbnail hentry category-acabados\" id=\"id-1\" data-col-num=\"2-columns\" data-entry-id=\"1\">\n\t\t\t\t<div class=\"entry-holder gs-blog-item wow gsFadeInUp\" >\n\t\t\t\t\t\n<div class=\"gs-blog-post gs-blog-post--classic-grid\">\n\n            <div class=\"entry-thumbnail\">\n            <a href=\"https:\/\/ambientarquitecturainterior.com\/index.php\/2023\/02\/20\/marmol\/\" class=\"entry-thumbnail__link\">\n                                    <div class=\"entry-image-ratio\" style=\"padding-bottom: 56.250000% !important;\">\n                        <img loading=\"lazy\" decoding=\"async\" width=\"2240\" height=\"1260\" src=\"https:\/\/ambientarquitecturainterior.com\/wp-content\/uploads\/2023\/02\/MARMOL-BLOG1-compressed.jpg\" class=\"attachment-post-thumbnail size-post-thumbnail wp-post-image\" alt=\"\" srcset=\"https:\/\/ambientarquitecturainterior.com\/wp-content\/uploads\/2023\/02\/MARMOL-BLOG1-compressed.jpg 2240w, https:\/\/ambientarquitecturainterior.com\/wp-content\/uploads\/2023\/02\/MARMOL-BLOG1-compressed-300x169.jpg 300w, https:\/\/ambientarquitecturainterior.com\/wp-content\/uploads\/2023\/02\/MARMOL-BLOG1-compressed-1024x576.jpg 1024w, https:\/\/ambientarquitecturainterior.com\/wp-content\/uploads\/2023\/02\/MARMOL-BLOG1-compressed-768x432.jpg 768w, https:\/\/ambientarquitecturainterior.com\/wp-content\/uploads\/2023\/02\/MARMOL-BLOG1-compressed-1536x864.jpg 1536w, https:\/\/ambientarquitecturainterior.com\/wp-content\/uploads\/2023\/02\/MARMOL-BLOG1-compressed-2048x1152.jpg 2048w, https:\/\/ambientarquitecturainterior.com\/wp-content\/uploads\/2023\/02\/MARMOL-BLOG1-compressed-600x338.jpg 600w\" sizes=\"auto, (max-width: 2240px) 100vw, 2240px\" \/>                    <\/div>\n                            <\/a>\n        <\/div>\n    \n    <div class=\"entry-details\">\n        <div class=\"entry-details__inner\">\n\n\t\t\t                <div class=\"entry-details-meta\">\n\t\t\t\t\t<span class=\"entry-meta-date gs-divider\">\n    <span>febrero 20, 2023<\/span>\n<\/span>                <\/div>\n\t\t\t\n\t\t\t                <h4 class=\"entry-details-title\">\n                    <a href=\"https:\/\/ambientarquitecturainterior.com\/index.php\/2023\/02\/20\/marmol\/\">M\u00e1rmol<\/a>\n                <\/h4>\n\t\t\t\n\t\t\t<p>M\u00e1rmol: elegancia y sofisticaci\u00f3n en tu dise\u00f1o interior El m\u00e1rmol es un material noble y elegante que aporta sofisticaci\u00f3n y exclusividad a cualquier&#8230;<\/p>\n            <a class=\"gs-read-more\" href=\"https:\/\/ambientarquitecturainterior.com\/index.php\/2023\/02\/20\/marmol\/\">\n                <span class=\"text\">Read More<\/span>\n                <svg version=\"1.1\" xmlns=\"http:\/\/www.w3.org\/2000\/svg\" xmlns:xlink=\"http:\/\/www.w3.org\/1999\/xlink\" x=\"0px\" y=\"0px\" viewBox=\"0 0 22 12\" style=\"enable-background:new 0 0 22 12;\" xml:space=\"preserve\"><line x1=\"0.3\" y1=\"6\" x2=\"21.3\" y2=\"6\"><\/line><polyline points=\"15.8,0.6 21.3,6 15.8,11.4 \"><\/polyline><\/svg>\n            <\/a>\n        <\/div>\n    <\/div>\n\n<\/div>                <\/div>\n\t\t\t<\/article>\n\t\t\t\t\t\t\t\t<article class=\"iso-item col-lg-6 acabados post-434 post type-post status-publish format-standard has-post-thumbnail hentry category-acabados\" id=\"id-434\" data-col-num=\"2-columns\" data-entry-id=\"434\">\n\t\t\t\t<div class=\"entry-holder gs-blog-item wow gsFadeInUp\" data-wow-delay=0.2s>\n\t\t\t\t\t\n<div class=\"gs-blog-post gs-blog-post--classic-grid\">\n\n            <div class=\"entry-thumbnail\">\n            <a href=\"https:\/\/ambientarquitecturainterior.com\/index.php\/2020\/08\/10\/culture-of-design\/\" class=\"entry-thumbnail__link\">\n                                    <div class=\"entry-image-ratio\" style=\"padding-bottom: 56.250000% !important;\">\n                        <img loading=\"lazy\" decoding=\"async\" width=\"2240\" height=\"1260\" src=\"https:\/\/ambientarquitecturainterior.com\/wp-content\/uploads\/2020\/08\/Piedra-sinterizada-BLOG-compressed.jpg\" class=\"attachment-post-thumbnail size-post-thumbnail wp-post-image\" alt=\"\" srcset=\"https:\/\/ambientarquitecturainterior.com\/wp-content\/uploads\/2020\/08\/Piedra-sinterizada-BLOG-compressed.jpg 2240w, https:\/\/ambientarquitecturainterior.com\/wp-content\/uploads\/2020\/08\/Piedra-sinterizada-BLOG-compressed-300x169.jpg 300w, https:\/\/ambientarquitecturainterior.com\/wp-content\/uploads\/2020\/08\/Piedra-sinterizada-BLOG-compressed-1024x576.jpg 1024w, https:\/\/ambientarquitecturainterior.com\/wp-content\/uploads\/2020\/08\/Piedra-sinterizada-BLOG-compressed-768x432.jpg 768w, https:\/\/ambientarquitecturainterior.com\/wp-content\/uploads\/2020\/08\/Piedra-sinterizada-BLOG-compressed-1536x864.jpg 1536w, https:\/\/ambientarquitecturainterior.com\/wp-content\/uploads\/2020\/08\/Piedra-sinterizada-BLOG-compressed-2048x1152.jpg 2048w, https:\/\/ambientarquitecturainterior.com\/wp-content\/uploads\/2020\/08\/Piedra-sinterizada-BLOG-compressed-600x338.jpg 600w\" sizes=\"auto, (max-width: 2240px) 100vw, 2240px\" \/>                    <\/div>\n                            <\/a>\n        <\/div>\n    \n    <div class=\"entry-details\">\n        <div class=\"entry-details__inner\">\n\n\t\t\t                <div class=\"entry-details-meta\">\n\t\t\t\t\t<span class=\"entry-meta-date gs-divider\">\n    <span>agosto 10, 2020<\/span>\n<\/span>                <\/div>\n\t\t\t\n\t\t\t                <h4 class=\"entry-details-title\">\n                    <a href=\"https:\/\/ambientarquitecturainterior.com\/index.php\/2020\/08\/10\/culture-of-design\/\">Piedra sinterizada<\/a>\n                <\/h4>\n\t\t\t\n\t\t\t<p>Tendencia en dise\u00f1o interior: La versatilidad de la piedra sinterizada En la b\u00fasqueda de materiales resistentes y elegantes para proyectos de dise\u00f1o interior,&#8230;<\/p>\n            <a class=\"gs-read-more\" href=\"https:\/\/ambientarquitecturainterior.com\/index.php\/2020\/08\/10\/culture-of-design\/\">\n                <span class=\"text\">Read More<\/span>\n                <svg version=\"1.1\" xmlns=\"http:\/\/www.w3.org\/2000\/svg\" xmlns:xlink=\"http:\/\/www.w3.org\/1999\/xlink\" x=\"0px\" y=\"0px\" viewBox=\"0 0 22 12\" style=\"enable-background:new 0 0 22 12;\" xml:space=\"preserve\"><line x1=\"0.3\" y1=\"6\" x2=\"21.3\" y2=\"6\"><\/line><polyline points=\"15.8,0.6 21.3,6 15.8,11.4 \"><\/polyline><\/svg>\n            <\/a>\n        <\/div>\n    <\/div>\n\n<\/div>                <\/div>\n\t\t\t<\/article>\n\t\t\t\t\t\t\t\t<article class=\"iso-item col-lg-6 acabados post-438 post type-post status-publish format-standard has-post-thumbnail hentry category-acabados\" id=\"id-438\" data-col-num=\"2-columns\" data-entry-id=\"438\">\n\t\t\t\t<div class=\"entry-holder gs-blog-item wow gsFadeInUp\" data-wow-delay=0.4s>\n\t\t\t\t\t\n<div class=\"gs-blog-post gs-blog-post--classic-grid\">\n\n            <div class=\"entry-thumbnail\">\n            <a href=\"https:\/\/ambientarquitecturainterior.com\/index.php\/2020\/08\/10\/style-over-substance\/\" class=\"entry-thumbnail__link\">\n                                    <div class=\"entry-image-ratio\" style=\"padding-bottom: 56.250000% !important;\">\n                        <img loading=\"lazy\" decoding=\"async\" width=\"2240\" height=\"1260\" src=\"https:\/\/ambientarquitecturainterior.com\/wp-content\/uploads\/2020\/08\/MELAMINA-BLOG-compressed.jpg\" class=\"attachment-post-thumbnail size-post-thumbnail wp-post-image\" alt=\"\" srcset=\"https:\/\/ambientarquitecturainterior.com\/wp-content\/uploads\/2020\/08\/MELAMINA-BLOG-compressed.jpg 2240w, https:\/\/ambientarquitecturainterior.com\/wp-content\/uploads\/2020\/08\/MELAMINA-BLOG-compressed-300x169.jpg 300w, https:\/\/ambientarquitecturainterior.com\/wp-content\/uploads\/2020\/08\/MELAMINA-BLOG-compressed-1024x576.jpg 1024w, https:\/\/ambientarquitecturainterior.com\/wp-content\/uploads\/2020\/08\/MELAMINA-BLOG-compressed-768x432.jpg 768w, https:\/\/ambientarquitecturainterior.com\/wp-content\/uploads\/2020\/08\/MELAMINA-BLOG-compressed-1536x864.jpg 1536w, https:\/\/ambientarquitecturainterior.com\/wp-content\/uploads\/2020\/08\/MELAMINA-BLOG-compressed-2048x1152.jpg 2048w, https:\/\/ambientarquitecturainterior.com\/wp-content\/uploads\/2020\/08\/MELAMINA-BLOG-compressed-600x338.jpg 600w\" sizes=\"auto, (max-width: 2240px) 100vw, 2240px\" \/>                    <\/div>\n                            <\/a>\n        <\/div>\n    \n    <div class=\"entry-details\">\n        <div class=\"entry-details__inner\">\n\n\t\t\t                <div class=\"entry-details-meta\">\n\t\t\t\t\t<span class=\"entry-meta-date gs-divider\">\n    <span>agosto 10, 2020<\/span>\n<\/span>                <\/div>\n\t\t\t\n\t\t\t                <h4 class=\"entry-details-title\">\n                    <a href=\"https:\/\/ambientarquitecturainterior.com\/index.php\/2020\/08\/10\/style-over-substance\/\">Melamina<\/a>\n                <\/h4>\n\t\t\t\n\t\t\t<p>La melamina es un material de revestimiento ampliamente utilizado en la fabricaci\u00f3n de muebles y otros productos de madera. Es una resina sint\u00e9tica&#8230;<\/p>\n            <a class=\"gs-read-more\" href=\"https:\/\/ambientarquitecturainterior.com\/index.php\/2020\/08\/10\/style-over-substance\/\">\n                <span class=\"text\">Read More<\/span>\n                <svg version=\"1.1\" xmlns=\"http:\/\/www.w3.org\/2000\/svg\" xmlns:xlink=\"http:\/\/www.w3.org\/1999\/xlink\" x=\"0px\" y=\"0px\" viewBox=\"0 0 22 12\" style=\"enable-background:new 0 0 22 12;\" xml:space=\"preserve\"><line x1=\"0.3\" y1=\"6\" x2=\"21.3\" y2=\"6\"><\/line><polyline points=\"15.8,0.6 21.3,6 15.8,11.4 \"><\/polyline><\/svg>\n            <\/a>\n        <\/div>\n    <\/div>\n\n<\/div>                <\/div>\n\t\t\t<\/article>\n\t\t\t<\/div>\n\n\n\n                <\/div>\n\t\t\t<\/div>\n\t\t\t\t<\/div>\n\t\t\t\t<\/div>\n\t\t\t\t\t<\/div>\n\t\t<\/div>\n\t\t\t\t<div class=\"elementor-column elementor-col-50 elementor-inner-column elementor-element elementor-element-bd900c5\" data-id=\"bd900c5\" data-element_type=\"column\">\n\t\t\t<div class=\"elementor-widget-wrap elementor-element-populated\">\n\t\t\t\t\t\t\t\t<div class=\"elementor-element elementor-element-96db27e elementor-widget elementor-widget-sidebar\" data-id=\"96db27e\" data-element_type=\"widget\" data-widget_type=\"sidebar.default\">\n\t\t\t\t<div class=\"elementor-widget-container\">\n\t\t\t<div id=\"block-2\" class=\"widget widget_block widget_search\"><form role=\"search\" method=\"get\" action=\"https:\/\/ambientarquitecturainterior.com\/\" class=\"wp-block-search__button-outside wp-block-search__text-button wp-block-search\"    ><label class=\"wp-block-search__label\" for=\"wp-block-search__input-1\" >Buscar<\/label><div class=\"wp-block-search__inside-wrapper\" ><input class=\"wp-block-search__input\" id=\"wp-block-search__input-1\" placeholder=\"\" value=\"\" type=\"search\" name=\"s\" required \/><button aria-label=\"Buscar\" class=\"wp-block-search__button wp-element-button\" type=\"submit\" >Buscar<\/button><\/div><\/form><\/div><div id=\"block-3\" class=\"widget widget_block\"><div class=\"wp-block-group\"><div class=\"wp-block-group__inner-container is-layout-flow wp-block-group-is-layout-flow\"><h2 class=\"wp-block-heading\">Recent Posts<\/h2><ul class=\"wp-block-latest-posts__list wp-block-latest-posts\"><li><a class=\"wp-block-latest-posts__post-title\" href=\"https:\/\/ambientarquitecturainterior.com\/index.php\/2023\/02\/20\/marmol\/\">M\u00e1rmol<\/a><\/li>\n<li><a class=\"wp-block-latest-posts__post-title\" href=\"https:\/\/ambientarquitecturainterior.com\/index.php\/2020\/08\/10\/style-over-substance\/\">Melamina<\/a><\/li>\n<li><a class=\"wp-block-latest-posts__post-title\" href=\"https:\/\/ambientarquitecturainterior.com\/index.php\/2020\/08\/10\/culture-of-design\/\">Piedra sinterizada<\/a><\/li>\n<\/ul><\/div><\/div><\/div><div id=\"block-4\" class=\"widget widget_block\"><div class=\"wp-block-group\"><div class=\"wp-block-group__inner-container is-layout-flow wp-block-group-is-layout-flow\"><h2 class=\"wp-block-heading\">Recent Comments<\/h2><ol class=\"wp-block-latest-comments\"><li class=\"wp-block-latest-comments__comment\"><article><footer class=\"wp-block-latest-comments__comment-meta\"><a class=\"wp-block-latest-comments__comment-author\" href=\"https:\/\/wordpress.org\/\">A WordPress Commenter<\/a> en <a class=\"wp-block-latest-comments__comment-link\" href=\"https:\/\/ambientarquitecturainterior.com\/index.php\/2023\/02\/20\/marmol\/#comment-1\">M\u00e1rmol<\/a><\/footer><\/article><\/li><li class=\"wp-block-latest-comments__comment\"><article><footer class=\"wp-block-latest-comments__comment-meta\"><span class=\"wp-block-latest-comments__comment-author\">Benjamin Matos<\/span> en <a class=\"wp-block-latest-comments__comment-link\" href=\"https:\/\/ambientarquitecturainterior.com\/index.php\/2020\/08\/10\/style-over-substance\/#comment-4\">Melamina<\/a><\/footer><\/article><\/li><li class=\"wp-block-latest-comments__comment\"><article><footer class=\"wp-block-latest-comments__comment-meta\"><span class=\"wp-block-latest-comments__comment-author\">Matthew Stein<\/span> en <a class=\"wp-block-latest-comments__comment-link\" href=\"https:\/\/ambientarquitecturainterior.com\/index.php\/2020\/08\/10\/style-over-substance\/#comment-3\">Melamina<\/a><\/footer><\/article><\/li><\/ol><\/div><\/div><\/div><div id=\"search-1\" class=\"widget widget_search\"><form action=\"https:\/\/ambientarquitecturainterior.com\/\" method=\"get\" class=\"search-form\">\n\t<input placeholder=\"Search...\" type=\"search\" name=\"s\" \/>\n\t<label class=\"search-form-button\">\n\t\t<input type=\"submit\" \/>\n        <svg width=\"20\" height=\"20\" viewBox=\"0 0 26 26\" fill=\"none\" xmlns=\"http:\/\/www.w3.org\/2000\/svg\">\n            <path d=\"M11.9167 20.5833C16.7031 20.5833 20.5833 16.7031 20.5833 11.9167C20.5833 7.1302 16.7031 3.25 11.9167 3.25C7.1302 3.25 3.25 7.1302 3.25 11.9167C3.25 16.7031 7.1302 20.5833 11.9167 20.5833Z\" stroke=\"black\" stroke-width=\"1\" stroke-linecap=\"round\" stroke-linejoin=\"round\"\/>\n            <path d=\"M22.75 22.75L18.0375 18.0375\" stroke=\"black\" stroke-width=\"1\" stroke-linecap=\"round\" stroke-linejoin=\"round\"\/>\n        <\/svg>\n\t<\/label>\n<\/form>\n<\/div><div id=\"text-1\" class=\"widget widget_text\"><div class=\"widget-title-outer\"><h5 class=\"widgettitle\">About Us<\/h5><\/div>\t\t\t<div class=\"textwidget\"><p>Lorem ipsum dolor sit amet, consectet cing elit, sed do eiusmod tempor inc ididunt utore et dolore magna aliqua ut.<\/p>\n<\/div>\n\t\t<\/div>\n\t\t<div id=\"recent-posts-1\" class=\"widget widget_recent_entries\">\n\t\t<div class=\"widget-title-outer\"><h5 class=\"widgettitle\">Entradas recientes<\/h5><\/div>\n\t\t<ul>\n\t\t\t\t\t\t\t\t\t\t\t<li>\n\t\t\t\t\t<a href=\"https:\/\/ambientarquitecturainterior.com\/index.php\/2023\/02\/20\/marmol\/\">M\u00e1rmol<\/a>\n\t\t\t\t\t\t\t\t\t<\/li>\n\t\t\t\t\t\t\t\t\t\t\t<li>\n\t\t\t\t\t<a href=\"https:\/\/ambientarquitecturainterior.com\/index.php\/2020\/08\/10\/style-over-substance\/\">Melamina<\/a>\n\t\t\t\t\t\t\t\t\t<\/li>\n\t\t\t\t\t\t\t\t\t\t\t<li>\n\t\t\t\t\t<a href=\"https:\/\/ambientarquitecturainterior.com\/index.php\/2020\/08\/10\/culture-of-design\/\">Piedra sinterizada<\/a>\n\t\t\t\t\t\t\t\t\t<\/li>\n\t\t\t\t\t<\/ul>\n\n\t\t<\/div><div id=\"categories-1\" class=\"widget widget_categories\"><div class=\"widget-title-outer\"><h5 class=\"widgettitle\">Categor\u00edas<\/h5><\/div>\n\t\t\t<ul>\n\t\t\t\t\t<li class=\"cat-item cat-item-18\"><a href=\"https:\/\/ambientarquitecturainterior.com\/index.php\/category\/acabados\/\">Acabados<\/a>\n<\/li>\n\t\t\t<\/ul>\n\n\t\t\t<\/div>\t\t<\/div>\n\t\t\t\t<\/div>\n\t\t\t\t\t<\/div>\n\t\t<\/div>\n\t\t\t\t\t\t\t<\/div>\n\t\t<\/section>\n\t\t\t\t\t<\/div>\n\t\t<\/div>\n\t\t\t\t\t\t\t<\/div>\n\t\t<\/section>\n\t\t\t\t\t\t\t<\/div>\n\t\t","protected":false},"excerpt":{"rendered":"<p>August 4, 2020 Architecture Student Tool Kit Lorem ipsum dolor sit amet, consectetur adipiscing elit. Integer quis sapien ac massa dapibus lacinia. Nunc&#8230;<\/p>\n","protected":false},"author":1,"featured_media":0,"parent":0,"menu_order":0,"comment_status":"closed","ping_status":"closed","template":"","meta":{"footnotes":""},"class_list":["post-471","page","type-page","status-publish","hentry"],"acf":[],"yoast_head":"<!-- This site is optimized with the Yoast SEO plugin v20.1 - https:\/\/yoast.com\/wordpress\/plugins\/seo\/ -->\n<title>Blog Right Sidebar - Ambient Arquitectura<\/title>\n<meta name=\"robots\" content=\"index, follow, max-snippet:-1, max-image-preview:large, max-video-preview:-1\" \/>\n<link rel=\"canonical\" href=\"https:\/\/ambientarquitecturainterior.com\/index.php\/blog-right-sidebar\/\" \/>\n<meta property=\"og:locale\" content=\"es_ES\" \/>\n<meta property=\"og:type\" content=\"article\" \/>\n<meta property=\"og:title\" content=\"Blog Right Sidebar - Ambient Arquitectura\" \/>\n<meta property=\"og:description\" content=\"August 4, 2020 Architecture Student Tool Kit Lorem ipsum dolor sit amet, consectetur adipiscing elit. Integer quis sapien ac massa dapibus lacinia. Nunc...\" \/>\n<meta property=\"og:url\" content=\"https:\/\/ambientarquitecturainterior.com\/index.php\/blog-right-sidebar\/\" \/>\n<meta property=\"og:site_name\" content=\"Ambient Arquitectura\" \/>\n<meta property=\"og:image\" content=\"http:\/\/grada.wp\/vara\/wp-content\/uploads\/sites\/10\/2020\/08\/1.jpg\" \/>\n<meta name=\"twitter:card\" content=\"summary_large_image\" \/>\n<meta name=\"twitter:label1\" content=\"Tiempo de lectura\" \/>\n\t<meta name=\"twitter:data1\" content=\"1 minuto\" \/>\n<script type=\"application\/ld+json\" class=\"yoast-schema-graph\">{\"@context\":\"https:\/\/schema.org\",\"@graph\":[{\"@type\":\"WebPage\",\"@id\":\"https:\/\/ambientarquitecturainterior.com\/index.php\/blog-right-sidebar\/\",\"url\":\"https:\/\/ambientarquitecturainterior.com\/index.php\/blog-right-sidebar\/\",\"name\":\"Blog Right Sidebar - Ambient Arquitectura\",\"isPartOf\":{\"@id\":\"https:\/\/ambientarquitecturainterior.com\/#website\"},\"datePublished\":\"2020-08-10T08:37:47+00:00\",\"dateModified\":\"2020-08-10T08:37:47+00:00\",\"breadcrumb\":{\"@id\":\"https:\/\/ambientarquitecturainterior.com\/index.php\/blog-right-sidebar\/#breadcrumb\"},\"inLanguage\":\"es\",\"potentialAction\":[{\"@type\":\"ReadAction\",\"target\":[\"https:\/\/ambientarquitecturainterior.com\/index.php\/blog-right-sidebar\/\"]}]},{\"@type\":\"BreadcrumbList\",\"@id\":\"https:\/\/ambientarquitecturainterior.com\/index.php\/blog-right-sidebar\/#breadcrumb\",\"itemListElement\":[{\"@type\":\"ListItem\",\"position\":1,\"name\":\"Portada\",\"item\":\"https:\/\/ambientarquitecturainterior.com\/\"},{\"@type\":\"ListItem\",\"position\":2,\"name\":\"Blog Right Sidebar\"}]},{\"@type\":\"WebSite\",\"@id\":\"https:\/\/ambientarquitecturainterior.com\/#website\",\"url\":\"https:\/\/ambientarquitecturainterior.com\/\",\"name\":\"Ambient Arquitectura\",\"description\":\"Dise\u00f1o de interiores \u00fanico y personalizado para espacios que inspiran. Eliana Uron y su equipo crean ambientes con estilo, funcionalidad y belleza.\",\"potentialAction\":[{\"@type\":\"SearchAction\",\"target\":{\"@type\":\"EntryPoint\",\"urlTemplate\":\"https:\/\/ambientarquitecturainterior.com\/?s={search_term_string}\"},\"query-input\":\"required name=search_term_string\"}],\"inLanguage\":\"es\"}]}<\/script>\n<!-- \/ Yoast SEO plugin. -->","yoast_head_json":{"title":"Blog Right Sidebar - Ambient Arquitectura","robots":{"index":"index","follow":"follow","max-snippet":"max-snippet:-1","max-image-preview":"max-image-preview:large","max-video-preview":"max-video-preview:-1"},"canonical":"https:\/\/ambientarquitecturainterior.com\/index.php\/blog-right-sidebar\/","og_locale":"es_ES","og_type":"article","og_title":"Blog Right Sidebar - Ambient Arquitectura","og_description":"August 4, 2020 Architecture Student Tool Kit Lorem ipsum dolor sit amet, consectetur adipiscing elit. Integer quis sapien ac massa dapibus lacinia. Nunc...","og_url":"https:\/\/ambientarquitecturainterior.com\/index.php\/blog-right-sidebar\/","og_site_name":"Ambient Arquitectura","og_image":[{"url":"http:\/\/grada.wp\/vara\/wp-content\/uploads\/sites\/10\/2020\/08\/1.jpg"}],"twitter_card":"summary_large_image","twitter_misc":{"Tiempo de lectura":"1 minuto"},"schema":{"@context":"https:\/\/schema.org","@graph":[{"@type":"WebPage","@id":"https:\/\/ambientarquitecturainterior.com\/index.php\/blog-right-sidebar\/","url":"https:\/\/ambientarquitecturainterior.com\/index.php\/blog-right-sidebar\/","name":"Blog Right Sidebar - Ambient Arquitectura","isPartOf":{"@id":"https:\/\/ambientarquitecturainterior.com\/#website"},"datePublished":"2020-08-10T08:37:47+00:00","dateModified":"2020-08-10T08:37:47+00:00","breadcrumb":{"@id":"https:\/\/ambientarquitecturainterior.com\/index.php\/blog-right-sidebar\/#breadcrumb"},"inLanguage":"es","potentialAction":[{"@type":"ReadAction","target":["https:\/\/ambientarquitecturainterior.com\/index.php\/blog-right-sidebar\/"]}]},{"@type":"BreadcrumbList","@id":"https:\/\/ambientarquitecturainterior.com\/index.php\/blog-right-sidebar\/#breadcrumb","itemListElement":[{"@type":"ListItem","position":1,"name":"Portada","item":"https:\/\/ambientarquitecturainterior.com\/"},{"@type":"ListItem","position":2,"name":"Blog Right Sidebar"}]},{"@type":"WebSite","@id":"https:\/\/ambientarquitecturainterior.com\/#website","url":"https:\/\/ambientarquitecturainterior.com\/","name":"Ambient Arquitectura","description":"Dise\u00f1o de interiores \u00fanico y personalizado para espacios que inspiran. Eliana Uron y su equipo crean ambientes con estilo, funcionalidad y belleza.","potentialAction":[{"@type":"SearchAction","target":{"@type":"EntryPoint","urlTemplate":"https:\/\/ambientarquitecturainterior.com\/?s={search_term_string}"},"query-input":"required name=search_term_string"}],"inLanguage":"es"}]}},"_links":{"self":[{"href":"https:\/\/ambientarquitecturainterior.com\/index.php\/wp-json\/wp\/v2\/pages\/471","targetHints":{"allow":["GET"]}}],"collection":[{"href":"https:\/\/ambientarquitecturainterior.com\/index.php\/wp-json\/wp\/v2\/pages"}],"about":[{"href":"https:\/\/ambientarquitecturainterior.com\/index.php\/wp-json\/wp\/v2\/types\/page"}],"author":[{"embeddable":true,"href":"https:\/\/ambientarquitecturainterior.com\/index.php\/wp-json\/wp\/v2\/users\/1"}],"replies":[{"embeddable":true,"href":"https:\/\/ambientarquitecturainterior.com\/index.php\/wp-json\/wp\/v2\/comments?post=471"}],"version-history":[{"count":0,"href":"https:\/\/ambientarquitecturainterior.com\/index.php\/wp-json\/wp\/v2\/pages\/471\/revisions"}],"wp:attachment":[{"href":"https:\/\/ambientarquitecturainterior.com\/index.php\/wp-json\/wp\/v2\/media?parent=471"}],"curies":[{"name":"wp","href":"https:\/\/api.w.org\/{rel}","templated":true}]}}