{"id":479,"date":"2020-08-10T08:41:14","date_gmt":"2020-08-10T08:41:14","guid":{"rendered":"http:\/\/grada.wp\/vara\/?page_id=479"},"modified":"2023-02-21T00:00:57","modified_gmt":"2023-02-21T00:00:57","slug":"blog-masonry","status":"publish","type":"page","link":"https:\/\/ambientarquitecturainterior.com\/index.php\/blog-masonry\/","title":{"rendered":"Blog Masonry"},"content":{"rendered":"\t\t<div data-elementor-type=\"wp-page\" data-elementor-id=\"479\" class=\"elementor elementor-479\">\n\t\t\t\t\t\t\t\t\t<section class=\"elementor-section elementor-top-section elementor-element elementor-element-592580f elementor-section-boxed elementor-section-height-default elementor-section-height-default gs-locked-section-no\" data-id=\"592580f\" data-element_type=\"section\">\n\t\t\t\t\t\t<div class=\"elementor-container elementor-column-gap-default\">\n\t\t\t\t\t<div class=\"elementor-column elementor-col-100 elementor-top-column elementor-element elementor-element-68ffaf9\" data-id=\"68ffaf9\" data-element_type=\"column\">\n\t\t\t<div class=\"elementor-widget-wrap elementor-element-populated\">\n\t\t\t\t\t\t\t\t<section class=\"elementor-section elementor-inner-section elementor-element elementor-element-3171ec0 elementor-section-boxed elementor-section-height-default elementor-section-height-default gs-locked-section-no\" data-id=\"3171ec0\" data-element_type=\"section\">\n\t\t\t\t\t\t<div class=\"elementor-container elementor-column-gap-wider\">\n\t\t\t\t\t<div class=\"elementor-column elementor-col-100 elementor-inner-column elementor-element elementor-element-3a69ccc\" data-id=\"3a69ccc\" data-element_type=\"column\">\n\t\t\t<div class=\"elementor-widget-wrap elementor-element-populated\">\n\t\t\t\t\t\t\t\t<div class=\"elementor-element elementor-element-e13075d layout-waves-no elementor-widget elementor-widget-grada-blog-posts\" data-id=\"e13075d\" data-element_type=\"widget\" data-widget_type=\"grada-blog-posts.default\">\n\t\t\t\t<div class=\"elementor-widget-container\">\n\t\t\t\t\t\t<div class=\"gs-entries-wrapper gs-entries-filter gs-entries-style-classic-grid gs-blog-wrapper\" data-entries-id=\"e13075d\">\n\t\t\t\t                <div class=\"gs-blog-holder-inner gs-blog-style-classic-grid gs-overflow-hidden\">\n\t\t\t\t\t\n\t<div class=\"row isotope-container\" data-entries-source=\"c49276a271efbca476cfe3c3b62ee661\">\n\t\t\t\t\t\t\t\t<article class=\"iso-item col-lg-4 acabados post-1 post type-post status-publish format-standard has-post-thumbnail hentry category-acabados\" id=\"id-1\" data-col-num=\"3-columns\" data-entry-id=\"1\">\n\t\t\t\t<div class=\"entry-holder gs-blog-item wow gsFadeInUp\" >\n\t\t\t\t\t\n<div class=\"gs-blog-post gs-blog-post--classic-grid\">\n\n            <div class=\"entry-thumbnail\">\n            <a href=\"https:\/\/ambientarquitecturainterior.com\/index.php\/2023\/02\/20\/marmol\/\" class=\"entry-thumbnail__link\">\n                                    <div class=\"entry-image-ratio\" style=\"padding-bottom: 56.250000% !important;\">\n                        <img loading=\"lazy\" decoding=\"async\" width=\"2240\" height=\"1260\" src=\"https:\/\/ambientarquitecturainterior.com\/wp-content\/uploads\/2023\/02\/MARMOL-BLOG1-compressed.jpg\" class=\"attachment-post-thumbnail size-post-thumbnail wp-post-image\" alt=\"\" srcset=\"https:\/\/ambientarquitecturainterior.com\/wp-content\/uploads\/2023\/02\/MARMOL-BLOG1-compressed.jpg 2240w, https:\/\/ambientarquitecturainterior.com\/wp-content\/uploads\/2023\/02\/MARMOL-BLOG1-compressed-300x169.jpg 300w, https:\/\/ambientarquitecturainterior.com\/wp-content\/uploads\/2023\/02\/MARMOL-BLOG1-compressed-1024x576.jpg 1024w, https:\/\/ambientarquitecturainterior.com\/wp-content\/uploads\/2023\/02\/MARMOL-BLOG1-compressed-768x432.jpg 768w, https:\/\/ambientarquitecturainterior.com\/wp-content\/uploads\/2023\/02\/MARMOL-BLOG1-compressed-1536x864.jpg 1536w, https:\/\/ambientarquitecturainterior.com\/wp-content\/uploads\/2023\/02\/MARMOL-BLOG1-compressed-2048x1152.jpg 2048w, https:\/\/ambientarquitecturainterior.com\/wp-content\/uploads\/2023\/02\/MARMOL-BLOG1-compressed-600x338.jpg 600w\" sizes=\"auto, (max-width: 2240px) 100vw, 2240px\" \/>                    <\/div>\n                            <\/a>\n        <\/div>\n    \n    <div class=\"entry-details\">\n        <div class=\"entry-details__inner\">\n\n\t\t\t                <div class=\"entry-details-meta\">\n\t\t\t\t\t<span class=\"entry-meta-date gs-divider\">\n    <span>febrero 20, 2023<\/span>\n<\/span>                <\/div>\n\t\t\t\n\t\t\t                <h4 class=\"entry-details-title\">\n                    <a href=\"https:\/\/ambientarquitecturainterior.com\/index.php\/2023\/02\/20\/marmol\/\">M\u00e1rmol<\/a>\n                <\/h4>\n\t\t\t\n\t\t\t<p>M\u00e1rmol: elegancia y sofisticaci\u00f3n en tu dise\u00f1o interior El m\u00e1rmol es un material noble y elegante que aporta sofisticaci\u00f3n y exclusividad a cualquier&#8230;<\/p>\n            <a class=\"gs-read-more\" href=\"https:\/\/ambientarquitecturainterior.com\/index.php\/2023\/02\/20\/marmol\/\">\n                <span class=\"text\">Read More<\/span>\n                <svg version=\"1.1\" xmlns=\"http:\/\/www.w3.org\/2000\/svg\" xmlns:xlink=\"http:\/\/www.w3.org\/1999\/xlink\" x=\"0px\" y=\"0px\" viewBox=\"0 0 22 12\" style=\"enable-background:new 0 0 22 12;\" xml:space=\"preserve\"><line x1=\"0.3\" y1=\"6\" x2=\"21.3\" y2=\"6\"><\/line><polyline points=\"15.8,0.6 21.3,6 15.8,11.4 \"><\/polyline><\/svg>\n            <\/a>\n        <\/div>\n    <\/div>\n\n<\/div>                <\/div>\n\t\t\t<\/article>\n\t\t\t\t\t\t\t\t<article class=\"iso-item col-lg-4 acabados post-434 post type-post status-publish format-standard has-post-thumbnail hentry category-acabados\" id=\"id-434\" data-col-num=\"3-columns\" data-entry-id=\"434\">\n\t\t\t\t<div class=\"entry-holder gs-blog-item wow gsFadeInUp\" data-wow-delay=0.2s>\n\t\t\t\t\t\n<div class=\"gs-blog-post gs-blog-post--classic-grid\">\n\n            <div class=\"entry-thumbnail\">\n            <a href=\"https:\/\/ambientarquitecturainterior.com\/index.php\/2020\/08\/10\/culture-of-design\/\" class=\"entry-thumbnail__link\">\n                                    <div class=\"entry-image-ratio\" style=\"padding-bottom: 56.250000% !important;\">\n                        <img loading=\"lazy\" decoding=\"async\" width=\"2240\" height=\"1260\" src=\"https:\/\/ambientarquitecturainterior.com\/wp-content\/uploads\/2020\/08\/Piedra-sinterizada-BLOG-compressed.jpg\" class=\"attachment-post-thumbnail size-post-thumbnail wp-post-image\" alt=\"\" srcset=\"https:\/\/ambientarquitecturainterior.com\/wp-content\/uploads\/2020\/08\/Piedra-sinterizada-BLOG-compressed.jpg 2240w, https:\/\/ambientarquitecturainterior.com\/wp-content\/uploads\/2020\/08\/Piedra-sinterizada-BLOG-compressed-300x169.jpg 300w, https:\/\/ambientarquitecturainterior.com\/wp-content\/uploads\/2020\/08\/Piedra-sinterizada-BLOG-compressed-1024x576.jpg 1024w, https:\/\/ambientarquitecturainterior.com\/wp-content\/uploads\/2020\/08\/Piedra-sinterizada-BLOG-compressed-768x432.jpg 768w, https:\/\/ambientarquitecturainterior.com\/wp-content\/uploads\/2020\/08\/Piedra-sinterizada-BLOG-compressed-1536x864.jpg 1536w, https:\/\/ambientarquitecturainterior.com\/wp-content\/uploads\/2020\/08\/Piedra-sinterizada-BLOG-compressed-2048x1152.jpg 2048w, https:\/\/ambientarquitecturainterior.com\/wp-content\/uploads\/2020\/08\/Piedra-sinterizada-BLOG-compressed-600x338.jpg 600w\" sizes=\"auto, (max-width: 2240px) 100vw, 2240px\" \/>                    <\/div>\n                            <\/a>\n        <\/div>\n    \n    <div class=\"entry-details\">\n        <div class=\"entry-details__inner\">\n\n\t\t\t                <div class=\"entry-details-meta\">\n\t\t\t\t\t<span class=\"entry-meta-date gs-divider\">\n    <span>agosto 10, 2020<\/span>\n<\/span>                <\/div>\n\t\t\t\n\t\t\t                <h4 class=\"entry-details-title\">\n                    <a href=\"https:\/\/ambientarquitecturainterior.com\/index.php\/2020\/08\/10\/culture-of-design\/\">Piedra sinterizada<\/a>\n                <\/h4>\n\t\t\t\n\t\t\t<p>Tendencia en dise\u00f1o interior: La versatilidad de la piedra sinterizada En la b\u00fasqueda de materiales resistentes y elegantes para proyectos de dise\u00f1o interior,&#8230;<\/p>\n            <a class=\"gs-read-more\" href=\"https:\/\/ambientarquitecturainterior.com\/index.php\/2020\/08\/10\/culture-of-design\/\">\n                <span class=\"text\">Read More<\/span>\n                <svg version=\"1.1\" xmlns=\"http:\/\/www.w3.org\/2000\/svg\" xmlns:xlink=\"http:\/\/www.w3.org\/1999\/xlink\" x=\"0px\" y=\"0px\" viewBox=\"0 0 22 12\" style=\"enable-background:new 0 0 22 12;\" xml:space=\"preserve\"><line x1=\"0.3\" y1=\"6\" x2=\"21.3\" y2=\"6\"><\/line><polyline points=\"15.8,0.6 21.3,6 15.8,11.4 \"><\/polyline><\/svg>\n            <\/a>\n        <\/div>\n    <\/div>\n\n<\/div>                <\/div>\n\t\t\t<\/article>\n\t\t\t\t\t\t\t\t<article class=\"iso-item col-lg-4 acabados post-438 post type-post status-publish format-standard has-post-thumbnail hentry category-acabados\" id=\"id-438\" data-col-num=\"3-columns\" data-entry-id=\"438\">\n\t\t\t\t<div class=\"entry-holder gs-blog-item wow gsFadeInUp\" data-wow-delay=0.4s>\n\t\t\t\t\t\n<div class=\"gs-blog-post gs-blog-post--classic-grid\">\n\n            <div class=\"entry-thumbnail\">\n            <a href=\"https:\/\/ambientarquitecturainterior.com\/index.php\/2020\/08\/10\/style-over-substance\/\" class=\"entry-thumbnail__link\">\n                                    <div class=\"entry-image-ratio\" style=\"padding-bottom: 56.250000% !important;\">\n                        <img loading=\"lazy\" decoding=\"async\" width=\"2240\" height=\"1260\" src=\"https:\/\/ambientarquitecturainterior.com\/wp-content\/uploads\/2020\/08\/MELAMINA-BLOG-compressed.jpg\" class=\"attachment-post-thumbnail size-post-thumbnail wp-post-image\" alt=\"\" srcset=\"https:\/\/ambientarquitecturainterior.com\/wp-content\/uploads\/2020\/08\/MELAMINA-BLOG-compressed.jpg 2240w, https:\/\/ambientarquitecturainterior.com\/wp-content\/uploads\/2020\/08\/MELAMINA-BLOG-compressed-300x169.jpg 300w, https:\/\/ambientarquitecturainterior.com\/wp-content\/uploads\/2020\/08\/MELAMINA-BLOG-compressed-1024x576.jpg 1024w, https:\/\/ambientarquitecturainterior.com\/wp-content\/uploads\/2020\/08\/MELAMINA-BLOG-compressed-768x432.jpg 768w, https:\/\/ambientarquitecturainterior.com\/wp-content\/uploads\/2020\/08\/MELAMINA-BLOG-compressed-1536x864.jpg 1536w, https:\/\/ambientarquitecturainterior.com\/wp-content\/uploads\/2020\/08\/MELAMINA-BLOG-compressed-2048x1152.jpg 2048w, https:\/\/ambientarquitecturainterior.com\/wp-content\/uploads\/2020\/08\/MELAMINA-BLOG-compressed-600x338.jpg 600w\" sizes=\"auto, (max-width: 2240px) 100vw, 2240px\" \/>                    <\/div>\n                            <\/a>\n        <\/div>\n    \n    <div class=\"entry-details\">\n        <div class=\"entry-details__inner\">\n\n\t\t\t                <div class=\"entry-details-meta\">\n\t\t\t\t\t<span class=\"entry-meta-date gs-divider\">\n    <span>agosto 10, 2020<\/span>\n<\/span>                <\/div>\n\t\t\t\n\t\t\t                <h4 class=\"entry-details-title\">\n                    <a href=\"https:\/\/ambientarquitecturainterior.com\/index.php\/2020\/08\/10\/style-over-substance\/\">Melamina<\/a>\n                <\/h4>\n\t\t\t\n\t\t\t<p>La melamina es un material de revestimiento ampliamente utilizado en la fabricaci\u00f3n de muebles y otros productos de madera. Es una resina sint\u00e9tica&#8230;<\/p>\n            <a class=\"gs-read-more\" href=\"https:\/\/ambientarquitecturainterior.com\/index.php\/2020\/08\/10\/style-over-substance\/\">\n                <span class=\"text\">Read More<\/span>\n                <svg version=\"1.1\" xmlns=\"http:\/\/www.w3.org\/2000\/svg\" xmlns:xlink=\"http:\/\/www.w3.org\/1999\/xlink\" x=\"0px\" y=\"0px\" viewBox=\"0 0 22 12\" style=\"enable-background:new 0 0 22 12;\" xml:space=\"preserve\"><line x1=\"0.3\" y1=\"6\" x2=\"21.3\" y2=\"6\"><\/line><polyline points=\"15.8,0.6 21.3,6 15.8,11.4 \"><\/polyline><\/svg>\n            <\/a>\n        <\/div>\n    <\/div>\n\n<\/div>                <\/div>\n\t\t\t<\/article>\n\t\t\t<\/div>\n\n\n\n                <\/div>\n\t\t\t<\/div>\n\t\t\t\t<\/div>\n\t\t\t\t<\/div>\n\t\t\t\t\t<\/div>\n\t\t<\/div>\n\t\t\t\t\t\t\t<\/div>\n\t\t<\/section>\n\t\t\t\t\t<\/div>\n\t\t<\/div>\n\t\t\t\t\t\t\t<\/div>\n\t\t<\/section>\n\t\t\t\t\t\t\t<\/div>\n\t\t","protected":false},"excerpt":{"rendered":"<p>August 4, 2020 Architecture Student Tool Kit Lorem ipsum dolor sit amet, consectetur adipiscing elit. Integer quis sapien ac massa dapibus lacinia. Nunc&#8230;<\/p>\n","protected":false},"author":1,"featured_media":0,"parent":0,"menu_order":0,"comment_status":"closed","ping_status":"closed","template":"","meta":{"footnotes":""},"class_list":["post-479","page","type-page","status-publish","hentry"],"acf":[],"yoast_head":"<!-- This site is optimized with the Yoast SEO plugin v20.1 - https:\/\/yoast.com\/wordpress\/plugins\/seo\/ -->\n<title>Blog Masonry - Ambient Arquitectura<\/title>\n<meta name=\"robots\" content=\"index, follow, max-snippet:-1, max-image-preview:large, max-video-preview:-1\" \/>\n<link rel=\"canonical\" href=\"https:\/\/ambientarquitecturainterior.com\/index.php\/blog-masonry\/\" \/>\n<meta property=\"og:locale\" content=\"es_ES\" \/>\n<meta property=\"og:type\" content=\"article\" \/>\n<meta property=\"og:title\" content=\"Blog Masonry - Ambient Arquitectura\" \/>\n<meta property=\"og:description\" content=\"August 4, 2020 Architecture Student Tool Kit Lorem ipsum dolor sit amet, consectetur adipiscing elit. Integer quis sapien ac massa dapibus lacinia. Nunc...\" \/>\n<meta property=\"og:url\" content=\"https:\/\/ambientarquitecturainterior.com\/index.php\/blog-masonry\/\" \/>\n<meta property=\"og:site_name\" content=\"Ambient Arquitectura\" \/>\n<meta property=\"article:modified_time\" content=\"2023-02-21T00:00:57+00:00\" \/>\n<meta property=\"og:image\" content=\"https:\/\/gradastudio.com\/vara\/wp-content\/uploads\/sites\/5\/2020\/08\/blog-img-1.jpg\" \/>\n<meta name=\"twitter:card\" content=\"summary_large_image\" \/>\n<meta name=\"twitter:label1\" content=\"Tiempo de lectura\" \/>\n\t<meta name=\"twitter:data1\" content=\"1 minuto\" \/>\n<script type=\"application\/ld+json\" class=\"yoast-schema-graph\">{\"@context\":\"https:\/\/schema.org\",\"@graph\":[{\"@type\":\"WebPage\",\"@id\":\"https:\/\/ambientarquitecturainterior.com\/index.php\/blog-masonry\/\",\"url\":\"https:\/\/ambientarquitecturainterior.com\/index.php\/blog-masonry\/\",\"name\":\"Blog Masonry - Ambient Arquitectura\",\"isPartOf\":{\"@id\":\"https:\/\/ambientarquitecturainterior.com\/#website\"},\"datePublished\":\"2020-08-10T08:41:14+00:00\",\"dateModified\":\"2023-02-21T00:00:57+00:00\",\"breadcrumb\":{\"@id\":\"https:\/\/ambientarquitecturainterior.com\/index.php\/blog-masonry\/#breadcrumb\"},\"inLanguage\":\"es\",\"potentialAction\":[{\"@type\":\"ReadAction\",\"target\":[\"https:\/\/ambientarquitecturainterior.com\/index.php\/blog-masonry\/\"]}]},{\"@type\":\"BreadcrumbList\",\"@id\":\"https:\/\/ambientarquitecturainterior.com\/index.php\/blog-masonry\/#breadcrumb\",\"itemListElement\":[{\"@type\":\"ListItem\",\"position\":1,\"name\":\"Portada\",\"item\":\"https:\/\/ambientarquitecturainterior.com\/\"},{\"@type\":\"ListItem\",\"position\":2,\"name\":\"Blog Masonry\"}]},{\"@type\":\"WebSite\",\"@id\":\"https:\/\/ambientarquitecturainterior.com\/#website\",\"url\":\"https:\/\/ambientarquitecturainterior.com\/\",\"name\":\"Ambient Arquitectura\",\"description\":\"Dise\u00f1o de interiores \u00fanico y personalizado para espacios que inspiran. Eliana Uron y su equipo crean ambientes con estilo, funcionalidad y belleza.\",\"potentialAction\":[{\"@type\":\"SearchAction\",\"target\":{\"@type\":\"EntryPoint\",\"urlTemplate\":\"https:\/\/ambientarquitecturainterior.com\/?s={search_term_string}\"},\"query-input\":\"required name=search_term_string\"}],\"inLanguage\":\"es\"}]}<\/script>\n<!-- \/ Yoast SEO plugin. -->","yoast_head_json":{"title":"Blog Masonry - Ambient Arquitectura","robots":{"index":"index","follow":"follow","max-snippet":"max-snippet:-1","max-image-preview":"max-image-preview:large","max-video-preview":"max-video-preview:-1"},"canonical":"https:\/\/ambientarquitecturainterior.com\/index.php\/blog-masonry\/","og_locale":"es_ES","og_type":"article","og_title":"Blog Masonry - Ambient Arquitectura","og_description":"August 4, 2020 Architecture Student Tool Kit Lorem ipsum dolor sit amet, consectetur adipiscing elit. Integer quis sapien ac massa dapibus lacinia. Nunc...","og_url":"https:\/\/ambientarquitecturainterior.com\/index.php\/blog-masonry\/","og_site_name":"Ambient Arquitectura","article_modified_time":"2023-02-21T00:00:57+00:00","og_image":[{"url":"https:\/\/gradastudio.com\/vara\/wp-content\/uploads\/sites\/5\/2020\/08\/blog-img-1.jpg"}],"twitter_card":"summary_large_image","twitter_misc":{"Tiempo de lectura":"1 minuto"},"schema":{"@context":"https:\/\/schema.org","@graph":[{"@type":"WebPage","@id":"https:\/\/ambientarquitecturainterior.com\/index.php\/blog-masonry\/","url":"https:\/\/ambientarquitecturainterior.com\/index.php\/blog-masonry\/","name":"Blog Masonry - Ambient Arquitectura","isPartOf":{"@id":"https:\/\/ambientarquitecturainterior.com\/#website"},"datePublished":"2020-08-10T08:41:14+00:00","dateModified":"2023-02-21T00:00:57+00:00","breadcrumb":{"@id":"https:\/\/ambientarquitecturainterior.com\/index.php\/blog-masonry\/#breadcrumb"},"inLanguage":"es","potentialAction":[{"@type":"ReadAction","target":["https:\/\/ambientarquitecturainterior.com\/index.php\/blog-masonry\/"]}]},{"@type":"BreadcrumbList","@id":"https:\/\/ambientarquitecturainterior.com\/index.php\/blog-masonry\/#breadcrumb","itemListElement":[{"@type":"ListItem","position":1,"name":"Portada","item":"https:\/\/ambientarquitecturainterior.com\/"},{"@type":"ListItem","position":2,"name":"Blog Masonry"}]},{"@type":"WebSite","@id":"https:\/\/ambientarquitecturainterior.com\/#website","url":"https:\/\/ambientarquitecturainterior.com\/","name":"Ambient Arquitectura","description":"Dise\u00f1o de interiores \u00fanico y personalizado para espacios que inspiran. Eliana Uron y su equipo crean ambientes con estilo, funcionalidad y belleza.","potentialAction":[{"@type":"SearchAction","target":{"@type":"EntryPoint","urlTemplate":"https:\/\/ambientarquitecturainterior.com\/?s={search_term_string}"},"query-input":"required name=search_term_string"}],"inLanguage":"es"}]}},"_links":{"self":[{"href":"https:\/\/ambientarquitecturainterior.com\/index.php\/wp-json\/wp\/v2\/pages\/479","targetHints":{"allow":["GET"]}}],"collection":[{"href":"https:\/\/ambientarquitecturainterior.com\/index.php\/wp-json\/wp\/v2\/pages"}],"about":[{"href":"https:\/\/ambientarquitecturainterior.com\/index.php\/wp-json\/wp\/v2\/types\/page"}],"author":[{"embeddable":true,"href":"https:\/\/ambientarquitecturainterior.com\/index.php\/wp-json\/wp\/v2\/users\/1"}],"replies":[{"embeddable":true,"href":"https:\/\/ambientarquitecturainterior.com\/index.php\/wp-json\/wp\/v2\/comments?post=479"}],"version-history":[{"count":1,"href":"https:\/\/ambientarquitecturainterior.com\/index.php\/wp-json\/wp\/v2\/pages\/479\/revisions"}],"predecessor-version":[{"id":2543,"href":"https:\/\/ambientarquitecturainterior.com\/index.php\/wp-json\/wp\/v2\/pages\/479\/revisions\/2543"}],"wp:attachment":[{"href":"https:\/\/ambientarquitecturainterior.com\/index.php\/wp-json\/wp\/v2\/media?parent=479"}],"curies":[{"name":"wp","href":"https:\/\/api.w.org\/{rel}","templated":true}]}}